{"id":966,"date":"2018-07-02T19:32:56","date_gmt":"2018-07-02T22:32:56","guid":{"rendered":"https:\/\/isfd113-bue.infd.edu.ar\/sitio\/ed-especial-2\/"},"modified":"2026-04-21T15:00:43","modified_gmt":"2026-04-21T18:00:43","slug":"ed-especial-2","status":"publish","type":"page","link":"https:\/\/isfd113-bue.infd.edu.ar\/sitio\/ed-especial-2\/","title":{"rendered":"Ed. Especial &#8211; Plan de estudios y Correlatividades"},"content":{"rendered":"<p><strong><em>Profesorado de Educaci\u00f3n Especial con orientaci\u00f3n en Discapacidad Intelectual &#8211; <\/em><\/strong><em>Res. 1009\/09<\/em><\/p>\n<p><strong><em>\u00a0<\/em><\/strong><strong><em>1\u00b0 a\u00f1o<\/em><\/strong><\/p>\n<ol>\n<li>Taller de Lectura, Escritura y Oralidad<\/li>\n<li>Taller de Pensamiento L\u00f3gico Matem\u00e1tico<\/li>\n<li>Psicolog\u00eda del Desarrollo y el Aprendizaje<\/li>\n<li>Corporeidad y Motricidad<\/li>\n<li>Filosof\u00eda<\/li>\n<li>Did\u00e1ctica general<\/li>\n<li>Pedagog\u00eda<\/li>\n<li>An\u00e1lisis del mundo contempor\u00e1neo<\/li>\n<li>Introducci\u00f3n a la Educaci\u00f3n Especial<\/li>\n<li>Did\u00e1ctica de las Pr\u00e1cticas del Lenguaje y la Literatura I<\/li>\n<li>Did\u00e1ctica de las Matem\u00e1ticas I<\/li>\n<li>Did\u00e1ctica de las Cs. Sociales I<\/li>\n<li>Did\u00e1ctica de las Cs. Naturales I<\/li>\n<li>Pr\u00e1ctica en Terreno I<\/li>\n<\/ol>\n<p><strong><em>2\u00b0 a\u00f1o<\/em><\/strong><\/p>\n<ol start=\"15\">\n<li>Psicolog\u00eda del Desarrollo y el Aprendizaje II<\/li>\n<li>Cultura, Comunicaci\u00f3n y Educaci\u00f3n<\/li>\n<li>Teor\u00edas Sociopol\u00edticas y Educaci\u00f3n<\/li>\n<li>Neurociencias<\/li>\n<li>Did\u00e1ctica y curr\u00edculo del Nivel<\/li>\n<li>Did\u00e1ctica de las Pr\u00e1cticas del Lenguaje y la Literatura II<\/li>\n<li>Did\u00e1ctica de las Cs. Sociales II<\/li>\n<li>Did\u00e1ctica de las Cs. Naturales II<\/li>\n<li>Did\u00e1ctica de las Matem\u00e1ticas II<\/li>\n<li>Arte y educaci\u00f3n<\/li>\n<li>Pr\u00e1ctica en terreno II<\/li>\n<\/ol>\n<p><strong><em>3\u00b0 a\u00f1o<\/em><\/strong><\/p>\n<ol start=\"26\">\n<li>Psicolog\u00eda del Desarrollo y el Aprendizaje III<\/li>\n<li>Abordaje psicopedag\u00f3gico de los sujetos con discapacidad<\/li>\n<li>Historia, Pol\u00edtica y Legislaci\u00f3n educativa argentina<\/li>\n<li>Lenguaje y Comunicaci\u00f3n en el sujeto con discapacidad<\/li>\n<li>Sujeto con discapacidad intelectual<\/li>\n<li>Curr\u00edculo y discapacidad intelectual<\/li>\n<li>Atenci\u00f3n temprana del desarrollo infantil<\/li>\n<li>Producci\u00f3n de materiales y objetos did\u00e1cticos<\/li>\n<li>Trayecto Formativo Opcional: \u00abEducaci\u00f3n f\u00edsica y discapacidad\u00bb<\/li>\n<li>Pr\u00e1ctica en terreno III<\/li>\n<\/ol>\n<p><strong><em>4\u00b0 a\u00f1o<\/em><\/strong><\/p>\n<ol start=\"36\">\n<li>\u00a0Interacciones sociales<\/li>\n<li>\u00a0Psicopatolog\u00eda<\/li>\n<li>\u00a0Reflexi\u00f3n filos\u00f3fica de la educaci\u00f3n<\/li>\n<li>\u00a0Dimensi\u00f3n \u00e9tico pol\u00edtica de la praxis docente<\/li>\n<li>\u00a0Curr\u00edculo y discapacidad intelectual II<\/li>\n<li>\u00a0Taller de abordaje familiar en la escuela<\/li>\n<li>\u00a0Formaci\u00f3n laboral<\/li>\n<li>\u00a0Multidiscapacidad<\/li>\n<li>\u00a0Educaci\u00f3n y nuevas tecnolog\u00edas<\/li>\n<li>\u00a0Pol\u00edtica y legislaci\u00f3n referida a la discapacidad<\/li>\n<li>\u00a0Trayecto Formativo Opcional: \u00abSexualidad y abordaje pedag\u00f3gico\u00bb<\/li>\n<li>\u00a0Trayecto Formativo Opcional: \u00abTrastorno emocional severo\u00bb<\/li>\n<li>\u00a0Pr\u00e1ctica en terreno IV<\/li>\n<\/ol>\n<h4 style=\"text-align: left;\"><strong>Ver \/ Descargar &#x1f449; <a href=\"https:\/\/isfd113-bue.infd.edu.ar\/aula\/archivos\/repositorio\/\/2750\/2976\/plan_de_DISCAPACIDAD_INTELECTUAL_oficio.pdf\" target=\"_blank\" rel=\"noopener\">Plan de Estudios<\/a><\/strong><\/h4>\n<h4 style=\"text-align: left;\"><strong>Ver \/ Descargar &#x1f449;\u00a0<a href=\"https:\/\/isfd113-bue.infd.edu.ar\/aula\/archivos\/repositorio\/\/3000\/3183\/Correlatividades_de_Educ._Especial_-_Disc._Intelectual.pdf\" target=\"_blank\" rel=\"noopener\">Correlatividades Ed. Especial- INTELECTUAL<\/a><\/strong><\/h4>\n<p style=\"text-align: center;\">\n","protected":false},"excerpt":{"rendered":"<p>Profesorado de Educaci\u00f3n Especial con orientaci\u00f3n en Discapacidad Intelectual &#8211; Res. 1009\/09 \u00a01\u00b0 a\u00f1o Taller de Lectura, Escritura y Oralidad Taller de Pensamiento L\u00f3gico Matem\u00e1tico Psicolog\u00eda del Desarrollo y el Aprendizaje Corporeidad y Motricidad Filosof\u00eda Did\u00e1ctica general Pedagog\u00eda An\u00e1lisis del mundo contempor\u00e1neo Introducci\u00f3n a la Educaci\u00f3n Especial Did\u00e1ctica de las Pr\u00e1cticas del Lenguaje y la &#8230; <a title=\"Ed. Especial &#8211; Plan de estudios y Correlatividades\" class=\"read-more\" href=\"https:\/\/isfd113-bue.infd.edu.ar\/sitio\/ed-especial-2\/\" aria-label=\"More on Ed. Especial &#8211; Plan de estudios y Correlatividades\">[+]<\/a><\/p>\n","protected":false},"author":2282,"featured_media":0,"parent":0,"menu_order":0,"comment_status":"closed","ping_status":"closed","template":"","meta":[],"acf":[],"_links":{"self":[{"href":"https:\/\/isfd113-bue.infd.edu.ar\/sitio\/wp-json\/wp\/v2\/pages\/966"}],"collection":[{"href":"https:\/\/isfd113-bue.infd.edu.ar\/sitio\/wp-json\/wp\/v2\/pages"}],"about":[{"href":"https:\/\/isfd113-bue.infd.edu.ar\/sitio\/wp-json\/wp\/v2\/types\/page"}],"author":[{"embeddable":true,"href":"https:\/\/isfd113-bue.infd.edu.ar\/sitio\/wp-json\/wp\/v2\/users\/2282"}],"replies":[{"embeddable":true,"href":"https:\/\/isfd113-bue.infd.edu.ar\/sitio\/wp-json\/wp\/v2\/comments?post=966"}],"version-history":[{"count":19,"href":"https:\/\/isfd113-bue.infd.edu.ar\/sitio\/wp-json\/wp\/v2\/pages\/966\/revisions"}],"predecessor-version":[{"id":3471,"href":"https:\/\/isfd113-bue.infd.edu.ar\/sitio\/wp-json\/wp\/v2\/pages\/966\/revisions\/3471"}],"wp:attachment":[{"href":"https:\/\/isfd113-bue.infd.edu.ar\/sitio\/wp-json\/wp\/v2\/media?parent=966"}],"curies":[{"name":"wp","href":"https:\/\/api.w.org\/{rel}","templated":true}]}}