{"id":953,"date":"2018-07-10T12:50:36","date_gmt":"2018-07-10T15:50:36","guid":{"rendered":"https:\/\/isfd113-bue.infd.edu.ar\/sitio\/?page_id=953"},"modified":"2018-08-10T10:06:13","modified_gmt":"2018-08-10T13:06:13","slug":"ubicacion","status":"publish","type":"page","link":"https:\/\/isfd113-bue.infd.edu.ar\/sitio\/ubicacion\/","title":{"rendered":"Ubicaci\u00f3n"},"content":{"rendered":"<p style=\"padding-left: 150px;\"><iframe loading=\"lazy\" style=\"border: 0;\" src=\"https:\/\/www.google.com\/maps\/embed?pb=!1m18!1m12!1m3!1d3285.2419588499356!2d-58.53984888477116!3d-34.57274378046754!2m3!1f0!2f0!3f0!3m2!1i1024!2i768!4f13.1!3m3!1m2!1s0x95bcb771fbe45f13%3A0x46f82a127ba1732b!2sPueyrred%C3%B3n+%26+Cochabamba%2C+San+Martin%2C+Buenos+Aires!5e0!3m2!1ses!2sar!4v1498434674347&amp;wmode=transparent\" width=\"600\" height=\"450\" frameborder=\"0\" allowfullscreen=\"allowfullscreen\"><\/iframe><\/p>\n<p><span style=\"color: #000000;\"><span style=\"font-size: medium;\"><span style=\"font-family: verdana,geneva;\"><span style=\"font-size: 10pt;\">El ISFD N\u00ba113 se encuentra en la zona c\u00e9ntrica del\u00a0<\/span><\/span><\/span><strong><span style=\"color: #0000ff;\"><a style=\"color: #0000ff;\" href=\"http:\/\/www.sanmartin.gov.ar\/\"><span style=\"font-size: medium; font-family: verdana, geneva; background-color: #ffffff;\"><span style=\"font-size: 10pt;\">Partido de Gral. San Mart\u00edn<\/span><\/span><\/a><\/span><\/strong><span style=\"font-size: medium;\"><span style=\"font-family: verdana,geneva;\"><span style=\"font-size: 10pt;\">, en la calle Cochabamba 2280, esquina Pueyrred\u00f3n.<\/span><\/span><\/span> <\/span><\/p>\n<p><span style=\"font-family: verdana, geneva; color: #003366;\"><span style=\"font-size: 10pt;\"><span style=\"color: #000000;\">De f\u00e1cil acceso ya que est\u00e1 ubicado a 5 cuadras de la Plaza San Mart\u00edn, de la Municipalidad, con disponibilidad de m\u00faltiples l\u00edneas de colectivos y a 700m de la estaci\u00f3n San Mart\u00edn del tren Mitre, ramal J. L. Su\u00e1rez.<\/span><\/span><\/span><\/p>\n","protected":false},"excerpt":{"rendered":"<p>El ISFD N\u00ba113 se encuentra en la zona c\u00e9ntrica del\u00a0Partido de Gral. San Mart\u00edn, en la calle Cochabamba 2280, esquina Pueyrred\u00f3n. De f\u00e1cil acceso ya que est\u00e1 ubicado a 5 cuadras de la Plaza San Mart\u00edn, de la Municipalidad, con disponibilidad de m\u00faltiples l\u00edneas de colectivos y a 700m de la estaci\u00f3n San Mart\u00edn del &#8230; <a title=\"Ubicaci\u00f3n\" class=\"read-more\" href=\"https:\/\/isfd113-bue.infd.edu.ar\/sitio\/ubicacion\/\" aria-label=\"More on Ubicaci\u00f3n\">[+]<\/a><\/p>\n","protected":false},"author":7,"featured_media":0,"parent":0,"menu_order":0,"comment_status":"closed","ping_status":"closed","template":"","meta":[],"acf":[],"_links":{"self":[{"href":"https:\/\/isfd113-bue.infd.edu.ar\/sitio\/wp-json\/wp\/v2\/pages\/953"}],"collection":[{"href":"https:\/\/isfd113-bue.infd.edu.ar\/sitio\/wp-json\/wp\/v2\/pages"}],"about":[{"href":"https:\/\/isfd113-bue.infd.edu.ar\/sitio\/wp-json\/wp\/v2\/types\/page"}],"author":[{"embeddable":true,"href":"https:\/\/isfd113-bue.infd.edu.ar\/sitio\/wp-json\/wp\/v2\/users\/7"}],"replies":[{"embeddable":true,"href":"https:\/\/isfd113-bue.infd.edu.ar\/sitio\/wp-json\/wp\/v2\/comments?post=953"}],"version-history":[{"count":6,"href":"https:\/\/isfd113-bue.infd.edu.ar\/sitio\/wp-json\/wp\/v2\/pages\/953\/revisions"}],"predecessor-version":[{"id":1318,"href":"https:\/\/isfd113-bue.infd.edu.ar\/sitio\/wp-json\/wp\/v2\/pages\/953\/revisions\/1318"}],"wp:attachment":[{"href":"https:\/\/isfd113-bue.infd.edu.ar\/sitio\/wp-json\/wp\/v2\/media?parent=953"}],"curies":[{"name":"wp","href":"https:\/\/api.w.org\/{rel}","templated":true}]}}