{"id":952,"date":"2018-07-10T12:50:37","date_gmt":"2018-07-10T15:50:37","guid":{"rendered":"https:\/\/isfd113-bue.infd.edu.ar\/sitio\/?page_id=952"},"modified":"2018-08-13T08:52:28","modified_gmt":"2018-08-13T11:52:28","slug":"historia-de-nuestro-instituto","status":"publish","type":"page","link":"https:\/\/isfd113-bue.infd.edu.ar\/sitio\/historia-de-nuestro-instituto\/","title":{"rendered":"Historia de nuestro Instituto"},"content":{"rendered":"<p class=\"MsoNormal\" style=\"margin: 0cm 0cm 0pt; text-indent: 35.4pt; text-align: justify;\"><span style=\"font-family: Arial;\"><span style=\"font-size: small;\"><span style=\"color: #000000;\">El <strong style=\"mso-bidi-font-weight: normal;\">ISFD N\u00b0 113<\/strong> de Gral. San Mart\u00edn, establecimiento integrante de la <strong style=\"mso-bidi-font-weight: normal;\">Unidad Acad\u00e9mica de la Escuela Normal Superior EEUU de Am\u00e9rica<\/strong>, es la Instituci\u00f3n de Formaci\u00f3n Docente de gesti\u00f3n estatal m\u00e1s antigua del distrito. Su origen se remonta al 20 de agosto de 1914.<\/span><\/span><\/span><\/p>\n<p class=\"MsoNormal\" style=\"margin: 0cm 0cm 0pt; text-align: justify;\"><span style=\"font-family: Arial;\"><span style=\"font-size: small; color: #000000;\">\u00a0<\/span><\/span><\/p>\n<p class=\"MsoNormal\" style=\"margin: 0cm 0cm 0pt; text-indent: 35.4pt; text-align: justify;\"><span style=\"font-family: Arial;\"><span style=\"font-size: small;\"><span style=\"color: #000000;\">A partir de esa fecha este establecimiento ha tenido como funci\u00f3n espec\u00edfica la formaci\u00f3n de docentes otorgando los t\u00edtulos correspondientes a Maestro Normal Nacional en su primera etapa, denominaci\u00f3n que cambia a Profesores para la Ense\u00f1anza<span style=\"mso-spacerun: yes;\">\u00a0<\/span>Primaria desde 1971 hasta 1997, a\u00f1o en el que los egresados obten\u00edan el t\u00edtulo de <strong style=\"mso-bidi-font-weight: normal;\">Profesores de EGB 1\u00b0 y 2\u00b0 ciclo<\/strong>. Actualmente, el t\u00edtulo es de <strong>Profesor\/a de Educaci\u00f3n Primaria<\/strong><\/span><\/span><\/span><\/p>\n<p class=\"MsoNormal\" style=\"margin: 0cm 0cm 0pt; text-align: justify;\"><span style=\"font-family: Arial;\"><span style=\"font-size: small; color: #000000;\">\u00a0<\/span><\/span><\/p>\n<p class=\"MsoNormal\" style=\"margin: 0cm 0cm 0pt; text-indent: 35.4pt; text-align: justify;\"><span style=\"font-family: Arial;\"><span style=\"font-size: small;\"><span style=\"color: #000000;\">El 13 de abril de 1974 se crea el Profesorado para la ense\u00f1anza Preescolar, denominaci\u00f3n que cambi\u00f3 a <strong style=\"mso-bidi-font-weight: normal;\">Profesorado para el Nivel Inicial en 1997<\/strong>.\u00a0Actualmente, el t\u00edtulo es de <strong>Profesor\/a de Nivel Inicial.<\/strong><\/span><\/span><\/span><\/p>\n<p class=\"MsoNormal\" style=\"margin: 0cm 0cm 0pt; text-align: justify;\"><span style=\"font-family: Arial;\"><span style=\"font-size: small; color: #000000;\">\u00a0<\/span><\/span><\/p>\n<p class=\"MsoNormal\" style=\"margin: 0cm 0cm 0pt; text-indent: 35.4pt; text-align: justify;\"><span style=\"font-family: Arial;\"><span style=\"font-size: small;\"><span style=\"color: #000000;\">Desde 1997 a 2002, nuestro Instituto mantuvo estas dos ofertas de Formaci\u00f3n de Grado en los tres turnos en los que ofrece el dictado de las mismas.<\/span><\/span><\/span><\/p>\n<p class=\"MsoNormal\" style=\"margin: 0cm 0cm 0pt; text-align: justify;\"><span style=\"font-family: Arial;\"><span style=\"font-size: small; color: #000000;\">\u00a0<\/span><\/span><\/p>\n<p class=\"MsoNormal\" style=\"margin: 0cm 0cm 0pt; text-indent: 35.4pt; text-align: justify;\"><span style=\"font-family: Arial;\"><span style=\"font-size: small;\"><span style=\"color: #000000;\">Durante los a\u00f1os 2001 y 2002, y en funci\u00f3n de la necesidad advertida por la Direcci\u00f3n de Educaci\u00f3n Superior que recomendaba la diversificaci\u00f3n de ofertas pedag\u00f3gicas, nuestra Gesti\u00f3n comenz\u00f3 a implementar el cierre paulatino de algunas secciones de EGB y del Nivel Inicial para permitir la instauraci\u00f3n de otras carreras que, fieles al esp\u00edritu de nuestro Proyecto Educativo Institucional, contemplaran la titulaci\u00f3n en otros niveles del Sistema Educativo, tal es el caso de la Educaci\u00f3n Especial y de la Educaci\u00f3n Polimodal.<\/span><\/span><\/span><\/p>\n<p class=\"MsoNormal\" style=\"margin: 0cm 0cm 0pt; text-align: justify;\"><span style=\"font-family: Arial;\"><span style=\"font-size: small; color: #000000;\">\u00a0<\/span><\/span><\/p>\n<p class=\"MsoNormal\" style=\"margin: 0cm 0cm 0pt; text-indent: 35.4pt; text-align: justify;\"><span style=\"font-family: Arial;\"><span style=\"font-size: small;\"><span style=\"color: #000000;\">Es en este contexto que el 20 de marzo de 2003 se produce la apertura del <strong style=\"mso-bidi-font-weight: normal;\">Profesorado en Educaci\u00f3n Especial en la modalidad de Discapacidad Auditiva<\/strong> a ciclo cerrado previendo dos cohortes de egresados en funci\u00f3n de las realidades institucionales de nuestro distrito, especialidad que cambia \u2013a partir de 2005- a <strong style=\"mso-bidi-font-weight: normal;\">Discapacidad Intelectual<\/strong> incluyendo una sola cohorte de <strong style=\"mso-bidi-font-weight: normal;\">Discapacidad Neurolocomotora<\/strong> para los ciclos lectivos 2006\/2007 a pedido de un grupo de alumnos para lo cual la Supervisi\u00f3n dio su aval oportunamente.\u00a0Actualmente, el t\u00edtulo es de <strong>Profesor\/a de Educaci\u00f3n Especial en Discapacidad Intelectual.<\/strong><\/span><\/span><\/span><\/p>\n<p class=\"MsoNormal\" style=\"margin: 0cm 0cm 0pt; text-align: justify;\"><span style=\"font-family: Arial;\"><span style=\"font-size: small; color: #000000;\">\u00a0<\/span><\/span><\/p>\n<p class=\"MsoNormal\" style=\"margin: 0cm 0cm 0pt; text-indent: 35.4pt; text-align: justify;\"><span style=\"font-family: Arial;\"><span style=\"font-size: small;\"><span style=\"color: #000000;\">A partir de Marzo de 2005 se comienza a dictar el <strong style=\"mso-bidi-font-weight: normal;\">Profesorado para la Educaci\u00f3n Polimodal en Filosof\u00eda con trayecto en Formaci\u00f3n \u00c9tica y Ciudadana.<\/strong>\u00a0Actualmente, el t\u00edtulo es de <strong>Profesor\/a de Filosof\u00eda.\u00a0<\/strong><\/span><\/span><\/span><\/p>\n<p class=\"MsoNormal\" style=\"margin: 0cm 0cm 0pt; text-indent: 35.4pt; text-align: justify;\"><span style=\"font-family: Arial;\"><span style=\"font-size: small;\"><span style=\"color: #000000;\">En 2006 abrimos el <strong style=\"mso-bidi-font-weight: normal;\">Profesorado para la EGB 3 y la Educaci\u00f3n Polimodal en Historia con Trayecto en Ciencias Sociales<\/strong>,\u00a0actualmente, el t\u00edtulo es de <strong>Profesor\/a de Historia.<\/strong><\/span><\/span><\/span><\/p>\n<p class=\"MsoNormal\" style=\"margin: 0cm 0cm 0pt; text-align: justify;\"><strong style=\"mso-bidi-font-weight: normal;\"><span style=\"font-family: Arial;\"><span style=\"font-size: small; color: #000000;\">\u00a0<\/span><\/span><\/strong><\/p>\n<div style=\"mso-element: para-border-div; mso-border-alt: solid windowtext .5pt; border: windowtext 1pt solid; padding: 1pt 4pt 1pt 4pt;\">\n<p class=\"MsoNormal\" style=\"margin: 0cm 0cm 0pt; text-align: justify; mso-border-alt: solid windowtext .5pt; mso-padding-alt: 1.0pt 4.0pt 1.0pt 4.0pt; padding: 0cm;\"><span style=\"font-family: Arial;\"><span style=\"font-size: small;\"><span style=\"color: #000000;\">Cabe destacar que nuestro Instituto logr\u00f3 la categor\u00eda de <strong style=\"mso-bidi-font-weight: normal;\">Acreditaci\u00f3n Plena<\/strong> otorgada por la Unidad Evaluadora Provincial (Res. 3037\/03) bajo acta de dictamen 91\/04.<\/span><\/span><\/span><\/p>\n<\/div>\n<p class=\"MsoNormal\" style=\"margin: 0cm 0cm 0pt; text-align: justify;\"><span style=\"font-family: Arial;\"><span style=\"font-size: small; color: #000000;\">\u00a0<\/span><\/span><\/p>\n","protected":false},"excerpt":{"rendered":"<p>El ISFD N\u00b0 113 de Gral. San Mart\u00edn, establecimiento integrante de la Unidad Acad\u00e9mica de la Escuela Normal Superior EEUU de Am\u00e9rica, es la Instituci\u00f3n de Formaci\u00f3n Docente de gesti\u00f3n estatal m\u00e1s antigua del distrito. Su origen se remonta al 20 de agosto de 1914. \u00a0 A partir de esa fecha este establecimiento ha tenido &#8230; <a title=\"Historia de nuestro Instituto\" class=\"read-more\" href=\"https:\/\/isfd113-bue.infd.edu.ar\/sitio\/historia-de-nuestro-instituto\/\" aria-label=\"More on Historia de nuestro Instituto\">[+]<\/a><\/p>\n","protected":false},"author":2282,"featured_media":0,"parent":0,"menu_order":0,"comment_status":"closed","ping_status":"closed","template":"","meta":[],"acf":[],"_links":{"self":[{"href":"https:\/\/isfd113-bue.infd.edu.ar\/sitio\/wp-json\/wp\/v2\/pages\/952"}],"collection":[{"href":"https:\/\/isfd113-bue.infd.edu.ar\/sitio\/wp-json\/wp\/v2\/pages"}],"about":[{"href":"https:\/\/isfd113-bue.infd.edu.ar\/sitio\/wp-json\/wp\/v2\/types\/page"}],"author":[{"embeddable":true,"href":"https:\/\/isfd113-bue.infd.edu.ar\/sitio\/wp-json\/wp\/v2\/users\/2282"}],"replies":[{"embeddable":true,"href":"https:\/\/isfd113-bue.infd.edu.ar\/sitio\/wp-json\/wp\/v2\/comments?post=952"}],"version-history":[{"count":7,"href":"https:\/\/isfd113-bue.infd.edu.ar\/sitio\/wp-json\/wp\/v2\/pages\/952\/revisions"}],"predecessor-version":[{"id":1378,"href":"https:\/\/isfd113-bue.infd.edu.ar\/sitio\/wp-json\/wp\/v2\/pages\/952\/revisions\/1378"}],"wp:attachment":[{"href":"https:\/\/isfd113-bue.infd.edu.ar\/sitio\/wp-json\/wp\/v2\/media?parent=952"}],"curies":[{"name":"wp","href":"https:\/\/api.w.org\/{rel}","templated":true}]}}