{"id":939,"date":"2018-07-02T19:32:41","date_gmt":"2018-07-02T22:32:41","guid":{"rendered":"https:\/\/isfd113-bue.infd.edu.ar\/sitio\/biblioteca\/"},"modified":"2020-07-18T18:55:51","modified_gmt":"2020-07-18T21:55:51","slug":"biblioteca","status":"publish","type":"page","link":"https:\/\/isfd113-bue.infd.edu.ar\/sitio\/biblioteca\/","title":{"rendered":"Biblioteca"},"content":{"rendered":"<p style=\"text-align: center;\"><img decoding=\"async\" loading=\"lazy\" style=\"vertical-align: middle;\" src=\"https:\/\/isfd113-bue.infd.edu.ar\/aula\/archivos\/repositorio\/0\/122\/baneriniciofinalpara_cambiar.gif\" alt=\"\" width=\"596\" height=\"228\" border=\"0\" \/><\/p>\n<p style=\"text-align: center;\"><span style=\"font-family: 'arial black', 'avant garde'; color: #800000;\"><span style=\"font-size: 18pt;\"><strong>Bienvenidos<\/strong><\/span><\/span><\/p>\n<h4 style=\"text-align: center;\"><span style=\"font-family: arial black,avant garde; color: #800000;\"><strong style=\"color: #993300; text-align: center;\">\u00a0<\/strong><strong style=\"color: #993300; text-align: center;\">El rol de la biblioteca en la Instituci\u00f3n<\/strong><\/span><\/h4>\n<p>La biblioteca Institucional\u00a0ofrece un espacio de apoyo\u00a0para alumnos, docentes y la comunidad educativa en su totalidad. Pretende constituirse en un amplio puente entre libro y lector, teniendo como\u00a0<em>objetivos principales\u00a0<\/em>los siguientes puntos:<\/p>\n<ul>\n<li>Proporcionar un espacio educativo abierto, que act\u00fae como centro de recursos culturales, pedag\u00f3gicos y did\u00e1cticos.<\/li>\n<li>Estimular la investigaci\u00f3n y el h\u00e1bito lector.<\/li>\n<li>Desarrollar el esp\u00edritu cr\u00edtico y la autonom\u00eda en la selecci\u00f3n del material.<\/li>\n<li>Fortalecer la responsabilidad en la preservaci\u00f3n del patrimonio cultural y la solidaridad que se establece al compartirlo con el resto de la comunidad.<\/li>\n<\/ul>\n<p style=\"text-align: center;\"><img decoding=\"async\" loading=\"lazy\" style=\"vertical-align: middle;\" src=\"https:\/\/isfd113-bue.infd.edu.ar\/aula\/archivos\/repositorio\/0\/121\/bannerultimos_retoques_ver.gif\" alt=\"\" width=\"490\" height=\"116\" border=\"0\" \/><\/p>\n<p style=\"text-align: left;\"><span style=\"color: #003300;\">\u00a0Documentos impresos:<\/span> libros, publicaciones peri\u00f3dicas, folletos, l\u00e1minas, mapas,fotograf\u00edas<\/p>\n<ul>\n<li>\n<div>Obras de consulta<\/div>\n<\/li>\n<li>\n<div>Textos escolares<\/div>\n<\/li>\n<li>\n<div>Literatura<\/div>\n<\/li>\n<li>\n<div>Literatura infanto-juvenil<\/div>\n<\/li>\n<li>\n<div>Textos de diferentes disciplinas<\/div>\n<\/li>\n<\/ul>\n<p><span style=\"color: #003300;\">Documentos audiovisuales y electr\u00f3nicos:<\/span>\u00a0pel\u00edculas, grabaciones sonoras, DVDs, \u00a0base de datos<\/p>\n<h2 style=\"text-align: center;\"><span style=\"color: #800000; font-family: 'arial black', 'avant garde'; font-size: 10pt;\">Acceso a la biblioteca y al material<\/span><\/h2>\n<ul>\n<li>\n<div>El ingreso y el uso de su sala es\u00a0libre\u00a0durante el horario de\u00a0clases.<\/div>\n<\/li>\n<li>\n<div>La consulta, la lectura y el uso del material bibliogr\u00e1fico son\u00a0<span style=\"color: #008000;\">gratuitos.<\/span><\/div>\n<\/li>\n<li>\n<div>Para asociarse y poder retirar material en pr\u00e9stamo a domicilio s\u00f3lo es necesario presentar DNI o libreta del profesorado y completar formulario de usuario.<\/div>\n<\/li>\n<li>\n<div>Las obras se prestan a domicilio 2 o 4 d\u00edas seg\u00fan la demanda. Puede efectuarse la renovaci\u00f3n del pr\u00e9stamo siempre que no exista reserva para otro socio.<\/div>\n<\/li>\n<\/ul>\n<h2 style=\"text-align: center;\"><span style=\"font-family: 'arial black', 'avant garde'; font-size: 10pt;\"><span style=\"color: #800000;\">HORARIOS DE ATENCI\u00d3N<\/span><\/span><\/h2>\n<p style=\"text-align: center;\"><span style=\"font-size: 12pt;\">Turno ma\u00f1ana: de 8.00 a 11.30<\/span><\/p>\n<p style=\"text-align: center;\"><span style=\"font-size: 12pt;\">Turno vespertino: de 18 a 21.30<\/span><\/p>\n<p>&nbsp;<\/p>\n<p>&nbsp;<\/p>\n<p>&nbsp;<\/p>\n<p>&nbsp;<\/p>\n<p>&nbsp;<\/p>\n<p>&nbsp;<\/p>\n<p>&nbsp;<\/p>\n","protected":false},"excerpt":{"rendered":"<p>Bienvenidos \u00a0El rol de la biblioteca en la Instituci\u00f3n La biblioteca Institucional\u00a0ofrece un espacio de apoyo\u00a0para alumnos, docentes y la comunidad educativa en su totalidad. Pretende constituirse en un amplio puente entre libro y lector, teniendo como\u00a0objetivos principales\u00a0los siguientes puntos: Proporcionar un espacio educativo abierto, que act\u00fae como centro de recursos culturales, pedag\u00f3gicos y did\u00e1cticos. &#8230; <a title=\"Biblioteca\" class=\"read-more\" href=\"https:\/\/isfd113-bue.infd.edu.ar\/sitio\/biblioteca\/\" aria-label=\"More on Biblioteca\">[+]<\/a><\/p>\n","protected":false},"author":7,"featured_media":0,"parent":0,"menu_order":0,"comment_status":"closed","ping_status":"closed","template":"","meta":[],"acf":[],"_links":{"self":[{"href":"https:\/\/isfd113-bue.infd.edu.ar\/sitio\/wp-json\/wp\/v2\/pages\/939"}],"collection":[{"href":"https:\/\/isfd113-bue.infd.edu.ar\/sitio\/wp-json\/wp\/v2\/pages"}],"about":[{"href":"https:\/\/isfd113-bue.infd.edu.ar\/sitio\/wp-json\/wp\/v2\/types\/page"}],"author":[{"embeddable":true,"href":"https:\/\/isfd113-bue.infd.edu.ar\/sitio\/wp-json\/wp\/v2\/users\/7"}],"replies":[{"embeddable":true,"href":"https:\/\/isfd113-bue.infd.edu.ar\/sitio\/wp-json\/wp\/v2\/comments?post=939"}],"version-history":[{"count":2,"href":"https:\/\/isfd113-bue.infd.edu.ar\/sitio\/wp-json\/wp\/v2\/pages\/939\/revisions"}],"predecessor-version":[{"id":1379,"href":"https:\/\/isfd113-bue.infd.edu.ar\/sitio\/wp-json\/wp\/v2\/pages\/939\/revisions\/1379"}],"wp:attachment":[{"href":"https:\/\/isfd113-bue.infd.edu.ar\/sitio\/wp-json\/wp\/v2\/media?parent=939"}],"curies":[{"name":"wp","href":"https:\/\/api.w.org\/{rel}","templated":true}]}}