{"id":927,"date":"2018-07-02T19:32:35","date_gmt":"2018-07-02T22:32:35","guid":{"rendered":"https:\/\/isfd113-bue.infd.edu.ar\/sitio\/el-instituto\/"},"modified":"2025-11-10T09:34:19","modified_gmt":"2025-11-10T12:34:19","slug":"el-instituto","status":"publish","type":"page","link":"https:\/\/isfd113-bue.infd.edu.ar\/sitio\/el-instituto\/","title":{"rendered":"El Instituto"},"content":{"rendered":"<table style=\"width: 970px; float: left; height: 915px;\" border=\"0\" align=\"left\">\n<tbody>\n<tr>\n<td style=\"background-color: #2b97c9; text-align: center;\"><\/td>\n<\/tr>\n<tr>\n<td><img decoding=\"async\" loading=\"lazy\" class=\"size-full wp-image-3335 aligncenter\" src=\"https:\/\/isfd113-bue.infd.edu.ar\/sitio\/wp-content\/uploads\/2025\/11\/Flyer-113-pag-inicio.jpeg\" alt=\"\" width=\"820\" height=\"312\" srcset=\"https:\/\/isfd113-bue.infd.edu.ar\/sitio\/wp-content\/uploads\/2025\/11\/Flyer-113-pag-inicio.jpeg 820w, https:\/\/isfd113-bue.infd.edu.ar\/sitio\/wp-content\/uploads\/2025\/11\/Flyer-113-pag-inicio-768x292.jpeg 768w\" sizes=\"(max-width: 820px) 100vw, 820px\" \/><\/td>\n<\/tr>\n<tr>\n<td style=\"text-align: justify; background-color: #2b97c9;\"><\/td>\n<\/tr>\n<tr>\n<td style=\"text-align: justify;\"><span style=\"font-family: 'trebuchet ms', geneva; font-size: 12pt;\"><span style=\"text-align: justify; text-indent: 47.20000076293945px;\">El\u00a0<\/span><strong style=\"mso-bidi-font-weight: normal;\">ISFD N\u00b0 113<\/strong><span style=\"text-align: justify; text-indent: 47.20000076293945px;\">\u00a0de Gral San Mart\u00edn, establecimiento integrante de la\u00a0<\/span><strong style=\"mso-bidi-font-weight: normal;\">Unidad Acad\u00e9mica de la Escuela Normal Superior EEUU de Am\u00e9rica<\/strong><span style=\"text-align: justify; text-indent: 47.20000076293945px;\">\u00a0es la Instituci\u00f3n de Formaci\u00f3n Docente de gesti\u00f3n estatal m\u00e1s antigua del distrito.\u00a0<\/span><\/span><\/td>\n<\/tr>\n<tr>\n<td>\n<div id=\"S1\" class=\"wrapper_menuIzqSubSeccion\" style=\"display: inline; text-align: left;\">\n<div class=\"menuIzqSubSeccion\">\n<p><span style=\"color: #ff6600; font-family: 'trebuchet ms', geneva;\"><span style=\"font-size: 16px;\"><span style=\"color: #000000;\">Para conocer m\u00e1s sobre nosotros poder acceder a los enlaces que siguen a continuaci\u00f3n:<\/span><strong><br \/>\n<\/strong><\/span><\/span><\/p>\n<ul>\n<li>\n<h5><span style=\"text-decoration: underline;\"><span style=\"font-size: 14pt;\"><strong><span style=\"color: #ff6600; font-family: 'trebuchet ms', geneva;\"><a title=\"Datos institucionales\" href=\"index.cgi?wid_item=2&amp;wid_seccion=1\"><span class=\"submenu\" style=\"color: #ff6600; text-decoration: underline;\">Datos institucionales<\/span><\/a><\/span><\/strong><\/span><\/span><\/h5>\n<\/li>\n<\/ul>\n<\/div>\n<div class=\"menuIzqSubSeccion\">\n<ul>\n<li>\n<h5><span style=\"text-decoration: underline;\"><span style=\"font-size: 14pt;\"><strong><span style=\"color: #339966; font-family: 'trebuchet ms', geneva;\"><span style=\"color: #339966;\"><span class=\"submenu\"><a title=\"Autoridades\" href=\"index.cgi?wid_item=8&amp;wid_seccion=1\">Autoridades<\/a><\/span><\/span><\/span><\/strong><\/span><\/span><\/h5>\n<\/li>\n<\/ul>\n<\/div>\n<div class=\"menuIzqSubSeccion\">\n<ul>\n<li><span style=\"text-decoration: underline;\"><span style=\"font-size: 14pt;\"><strong><span style=\"color: #ff00ff; font-family: 'trebuchet ms', geneva;\"><a title=\"Ubicaci\u00f3n\" href=\"index.cgi?wid_item=12&amp;wid_seccion=1\"><span style=\"color: #ff00ff;\"><span class=\"submenu\">Ubicaci\u00f3n<\/span><\/span><\/a><\/span><\/strong><\/span><\/span><\/li>\n<\/ul>\n<\/div>\n<\/div>\n<\/td>\n<\/tr>\n<tr>\n<td style=\"background-color: #2b97c9;\">\n<div class=\"wrapper_menuIzqSubSeccion\" style=\"display: inline; text-align: left;\">\n<div class=\"menuIzqSubSeccion\" style=\"font-size: 19px;\"><span style=\"color: #ff6600;\"><strong>\u00a0<\/strong><\/span><\/div>\n<\/div>\n<\/td>\n<\/tr>\n<\/tbody>\n<\/table>\n","protected":false},"excerpt":{"rendered":"<p>El\u00a0ISFD N\u00b0 113\u00a0de Gral San Mart\u00edn, establecimiento integrante de la\u00a0Unidad Acad\u00e9mica de la Escuela Normal Superior EEUU de Am\u00e9rica\u00a0es la Instituci\u00f3n de Formaci\u00f3n Docente de gesti\u00f3n estatal m\u00e1s antigua del distrito.\u00a0 Para conocer m\u00e1s sobre nosotros poder acceder a los enlaces que siguen a continuaci\u00f3n: Datos institucionales Autoridades Ubicaci\u00f3n \u00a0<\/p>\n","protected":false},"author":2282,"featured_media":0,"parent":0,"menu_order":0,"comment_status":"closed","ping_status":"closed","template":"","meta":[],"acf":[],"_links":{"self":[{"href":"https:\/\/isfd113-bue.infd.edu.ar\/sitio\/wp-json\/wp\/v2\/pages\/927"}],"collection":[{"href":"https:\/\/isfd113-bue.infd.edu.ar\/sitio\/wp-json\/wp\/v2\/pages"}],"about":[{"href":"https:\/\/isfd113-bue.infd.edu.ar\/sitio\/wp-json\/wp\/v2\/types\/page"}],"author":[{"embeddable":true,"href":"https:\/\/isfd113-bue.infd.edu.ar\/sitio\/wp-json\/wp\/v2\/users\/2282"}],"replies":[{"embeddable":true,"href":"https:\/\/isfd113-bue.infd.edu.ar\/sitio\/wp-json\/wp\/v2\/comments?post=927"}],"version-history":[{"count":5,"href":"https:\/\/isfd113-bue.infd.edu.ar\/sitio\/wp-json\/wp\/v2\/pages\/927\/revisions"}],"predecessor-version":[{"id":3347,"href":"https:\/\/isfd113-bue.infd.edu.ar\/sitio\/wp-json\/wp\/v2\/pages\/927\/revisions\/3347"}],"wp:attachment":[{"href":"https:\/\/isfd113-bue.infd.edu.ar\/sitio\/wp-json\/wp\/v2\/media?parent=927"}],"curies":[{"name":"wp","href":"https:\/\/api.w.org\/{rel}","templated":true}]}}