{"id":2210,"date":"2021-06-30T18:23:01","date_gmt":"2021-06-30T21:23:01","guid":{"rendered":"https:\/\/isfd113-bue.infd.edu.ar\/sitio\/?page_id=2210"},"modified":"2023-10-19T19:29:02","modified_gmt":"2023-10-19T22:29:02","slug":"canales-de-comunicacion-contacto","status":"publish","type":"page","link":"https:\/\/isfd113-bue.infd.edu.ar\/sitio\/canales-de-comunicacion-contacto\/","title":{"rendered":"Canales de Comunicaci\u00f3n &#8211; Contacto"},"content":{"rendered":"<h2 style=\"text-align: center;\"><span style=\"color: #008000;\"><strong>Estimad@s, sean tod@s <\/strong><\/span><\/h2>\n<h2 style=\"text-align: center;\"><span style=\"color: #008000;\"><strong>Bienvenid@s a nuestro Instituto<\/strong><\/span><\/h2>\n<h4 style=\"text-align: center;\"><span style=\"color: #008000;\">A fin de evitar malos entendidos, queremos informarles que <span style=\"color: #ff0000;\"><strong>toda informaci\u00f3n para l@s alumn@s, como as\u00ed tambi\u00e9n toda solicitud de datos de cualquier tipo, ser\u00e1 canalizada<\/strong><\/span><\/span> <span style=\"color: #ff0000;\"><strong>EXCLUSIVAMENTE a trav\u00e9s de los siguientes CANALES OFICIALES<\/strong>:<\/span><\/h4>\n<ul>\n<li>\n<h4><span style=\"color: #008000;\">este Sitio Web Institucional<\/span><\/h4>\n<\/li>\n<li>\n<h4><span style=\"color: #008000;\"><strong>la Mensajer\u00eda Interna del Campus Virtual Institucional <\/strong><\/span><\/h4>\n<\/li>\n<li>\n<h4><span style=\"color: #008000;\">las casillas de E-mail de las Preceptor\u00edas de los diferentes turnos, a saber:<\/span><strong><span style=\"color: #008000;\"><br \/>\n<\/span><\/strong><\/h4>\n<\/li>\n<\/ul>\n<table style=\"height: 209px;\" width=\"897\">\n<tbody>\n<tr>\n<td style=\"text-align: right;\" width=\"285\"><strong><span style=\"color: #008000;\">Turno Ma\u00f1ana:\u00a0<\/span><\/strong><\/td>\n<td width=\"221\">isfd113preceptoriatm@gmail.com<\/td>\n<td width=\"80\"><\/td>\n<\/tr>\n<tr>\n<td style=\"text-align: right;\"><strong><span style=\"color: #008000;\">Turno Tarde:\u00a0<\/span><\/strong><\/td>\n<td>preceturnotarde113@gmail.com<\/td>\n<td><\/td>\n<\/tr>\n<tr>\n<td style=\"text-align: right;\" rowspan=\"2\"><strong><span style=\"color: #008000;\">Turno Vespertino:\u00a0<\/span><\/strong><\/td>\n<td><strong><span style=\"color: #008000;\">Filosof\u00eda-Historia-Cs. Pol\u00edticas:\u00a0<\/span><\/strong><\/td>\n<td>historia.politica.filo113@gmail.com<\/td>\n<\/tr>\n<tr>\n<td><strong><span style=\"color: #008000;\">Inicial<\/span><\/strong><\/p>\n<p><strong><span style=\"color: #008000;\">Primaria<\/span><\/strong><\/td>\n<td>preceinicial113@gmail.com<\/p>\n<p>preceprimaria113@gmail.com<\/td>\n<\/tr>\n<\/tbody>\n<\/table>\n<h2 style=\"text-align: center;\"><strong><span style=\"color: #ff0000;\">SE DEJA EXPRESAMENTE ACLARADO QUE <\/span><\/strong><\/h2>\n<h2 style=\"text-align: center;\"><strong><span style=\"color: #ff0000;\">NO SE DIFUNDE INFORMACI\u00d3N OFICIAL POR FUERA DE ESOS CANALES, <\/span><\/strong><\/h2>\n<h2 style=\"text-align: center;\"><strong><span style=\"color: #ff0000;\">NI TAMPOCO POR REDES SOCIALES.<\/span><\/strong><\/h2>\n<h3 style=\"text-align: center;\"><strong><span style=\"color: #ff0000;\"><span style=\"color: #008000;\">Por lo tanto,<\/span> <\/span><\/strong><\/h3>\n<h2 style=\"text-align: center;\"><strong><span style=\"color: #ff0000;\">este Instituto no solicitar\u00e1 ni publicar\u00e1 informaci\u00f3n por otros medios que no sean los anteriormente citados.<\/span><\/strong><\/h2>\n<h4 style=\"text-align: right;\"><span style=\"color: #008000;\"><strong>Atentamente, Equipo Directivo<\/strong><\/span><\/h4>\n","protected":false},"excerpt":{"rendered":"<p>Estimad@s, sean tod@s Bienvenid@s a nuestro Instituto A fin de evitar malos entendidos, queremos informarles que toda informaci\u00f3n para l@s alumn@s, como as\u00ed tambi\u00e9n toda solicitud de datos de cualquier tipo, ser\u00e1 canalizada EXCLUSIVAMENTE a trav\u00e9s de los siguientes CANALES OFICIALES: este Sitio Web Institucional la Mensajer\u00eda Interna del Campus Virtual Institucional las casillas de &#8230; <a title=\"Canales de Comunicaci\u00f3n &#8211; Contacto\" class=\"read-more\" href=\"https:\/\/isfd113-bue.infd.edu.ar\/sitio\/canales-de-comunicacion-contacto\/\" aria-label=\"More on Canales de Comunicaci\u00f3n &#8211; Contacto\">[+]<\/a><\/p>\n","protected":false},"author":3286,"featured_media":0,"parent":0,"menu_order":0,"comment_status":"closed","ping_status":"closed","template":"","meta":[],"acf":[],"_links":{"self":[{"href":"https:\/\/isfd113-bue.infd.edu.ar\/sitio\/wp-json\/wp\/v2\/pages\/2210"}],"collection":[{"href":"https:\/\/isfd113-bue.infd.edu.ar\/sitio\/wp-json\/wp\/v2\/pages"}],"about":[{"href":"https:\/\/isfd113-bue.infd.edu.ar\/sitio\/wp-json\/wp\/v2\/types\/page"}],"author":[{"embeddable":true,"href":"https:\/\/isfd113-bue.infd.edu.ar\/sitio\/wp-json\/wp\/v2\/users\/3286"}],"replies":[{"embeddable":true,"href":"https:\/\/isfd113-bue.infd.edu.ar\/sitio\/wp-json\/wp\/v2\/comments?post=2210"}],"version-history":[{"count":6,"href":"https:\/\/isfd113-bue.infd.edu.ar\/sitio\/wp-json\/wp\/v2\/pages\/2210\/revisions"}],"predecessor-version":[{"id":2945,"href":"https:\/\/isfd113-bue.infd.edu.ar\/sitio\/wp-json\/wp\/v2\/pages\/2210\/revisions\/2945"}],"wp:attachment":[{"href":"https:\/\/isfd113-bue.infd.edu.ar\/sitio\/wp-json\/wp\/v2\/media?parent=2210"}],"curies":[{"name":"wp","href":"https:\/\/api.w.org\/{rel}","templated":true}]}}