{"id":1536,"date":"2019-11-15T19:00:02","date_gmt":"2019-11-15T22:00:02","guid":{"rendered":"https:\/\/isfd113-bue.infd.edu.ar\/sitio\/?page_id=1536"},"modified":"2021-12-29T11:48:03","modified_gmt":"2021-12-29T14:48:03","slug":"tramite-de-titulo","status":"publish","type":"page","link":"https:\/\/isfd113-bue.infd.edu.ar\/sitio\/tramite-de-titulo\/","title":{"rendered":"Tr\u00e1mite de T\u00edtulo"},"content":{"rendered":"<p><span style=\"color: #003300;\"><strong>TR\u00c1MITE DE T\u00cdTULO.<\/strong><\/span><\/p>\n<h3 style=\"text-align: center;\"><strong><span style=\"color: #ff0000;\">En contexto de pandemia, por favor comunicarse previamente por Email con la Preceptor\u00eda del turno en el que hayan rendido la \u00faltima materia, a fin de coordinar la forma de realizaci\u00f3n del tr\u00e1mite.<\/span><\/strong><\/h3>\n<p>Las\/os alumnas\/os que est\u00e9n en condiciones de tramitar su t\u00edtulo, deber\u00e1n presentarse en la\u00a0 Preceptor\u00eda del turno en el que hayan rendido la \u00faltima materia munidos de:<\/p>\n<ul>\n<li><strong>Planilla de Control de Libreta, confirmaci\u00f3n de domicilio y contactos &#8211; Verificaci\u00f3n de calificaciones de libreta<\/strong>, totalmente completa.<\/li>\n<li><strong>Constancia de Certificado de estudios en tr\u00e1mite correspondiente a su carrera<\/strong>, con datos personales y fecha completos.<\/li>\n<\/ul>\n<p style=\"text-align: center;\"><span style=\"color: #003300;\"><strong>Ambas se pueden comprar en fotocopiadora o descargar desde este sitio web (ver pie de p\u00e1gina).<\/strong><\/span><\/p>\n<ul>\n<li>Si no hubiera presentado hasta ese momento <strong>fotocopia de la Partida de Nacimiento,<\/strong> agregarla tambi\u00e9n.<\/li>\n<\/ul>\n<p>Una vez realizado el control de calificaciones y de correlatividades con las\/os Preceptoras\/es, se confeccionar\u00e1 la Constancia de T\u00edtulo en Tr\u00e1mite y el T\u00edtulo correspondiente.<\/p>\n<p style=\"text-align: center;\"><strong><span style=\"color: #003300;\">Alumnos Extranjeros<\/span><\/strong><\/p>\n<p style=\"text-align: center;\"><strong>Recordar que, al recibirse, para la emisi\u00f3n de su t\u00edtulo de Profesorado deber\u00e1n presentar DNI para extranjeros.<\/strong><\/p>\n<p><span style=\"color: #ff0000;\"><strong>CONTROL DE LIBRETA &#8211;\u00a0<\/strong>Descargar Planilla de confirmaci\u00f3n de domicilio y contactos por Carrera<\/span><\/p>\n<p><span style=\"color: #003300;\">En formato Excel para completar en computadora e imprimir (o enviar por Email)<\/span><\/p>\n<p style=\"padding-left: 60px;\"><a href=\"https:\/\/isfd113-bue.infd.edu.ar\/sitio\/wp-content\/uploads\/2021\/10\/Control-libreta-INI.xlsx\" target=\"_blank\" rel=\"noopener\">Control libreta Educaci\u00f3n Inicial<\/a><\/p>\n<p style=\"padding-left: 60px;\"><a href=\"https:\/\/isfd113-bue.infd.edu.ar\/sitio\/wp-content\/uploads\/2021\/10\/Control-libreta-EP.xlsx\" target=\"_blank\" rel=\"noopener\">Control libreta Educaci\u00f3n Primaria<\/a><\/p>\n<p style=\"padding-left: 60px;\"><a href=\"https:\/\/isfd113-bue.infd.edu.ar\/sitio\/wp-content\/uploads\/2021\/10\/Control-Libreta-DISC.xlsx\" target=\"_blank\" rel=\"noopener\">Control libreta Educaci\u00f3n Especial<\/a> (Discapacidad Intelectual)<\/p>\n<p style=\"padding-left: 60px;\"><a href=\"https:\/\/isfd113-bue.infd.edu.ar\/sitio\/wp-content\/uploads\/2021\/10\/Control-Libreta-FILO.xlsx\" target=\"_blank\" rel=\"noopener\">Control libreta Ed. Secundaria en Filosof\u00eda<\/a><\/p>\n<p style=\"padding-left: 60px;\"><a href=\"https:\/\/isfd113-bue.infd.edu.ar\/sitio\/wp-content\/uploads\/2021\/10\/Control-Libreta-HISTORIA.xlsx\" target=\"_blank\" rel=\"noopener\">Control libreta Ed. Secundaria en Historia<\/a><\/p>\n<p style=\"padding-left: 60px;\"><a href=\"https:\/\/isfd113-bue.infd.edu.ar\/sitio\/wp-content\/uploads\/2021\/10\/Control-Libreta-CS-POLITICAS.xlsx\" target=\"_blank\" rel=\"noopener\">Control libreta Ed. Secundaria en Ciencias Pol\u00edticas<\/a><\/p>\n<p><span style=\"color: #003300;\">En formato PDF para imprimir y completar manualmente<\/span><\/p>\n<p style=\"padding-left: 60px;\"><a href=\"https:\/\/isfd113-bue.infd.edu.ar\/sitio\/wp-content\/uploads\/2021\/10\/Control-libreta-INI.pdf\" target=\"_blank\" rel=\"noopener\">Control libreta Educaci\u00f3n Inicial<\/a><\/p>\n<p style=\"padding-left: 60px;\"><a href=\"https:\/\/isfd113-bue.infd.edu.ar\/sitio\/wp-content\/uploads\/2021\/10\/Control-libreta-EP.pdf\" target=\"_blank\" rel=\"noopener\">Control libreta Educaci\u00f3n Primaria<\/a><\/p>\n<p style=\"padding-left: 60px;\"><a href=\"https:\/\/isfd113-bue.infd.edu.ar\/sitio\/wp-content\/uploads\/2021\/10\/Control-Libreta-DISC.pdf\" target=\"_blank\" rel=\"noopener\">Control libreta Educaci\u00f3n Especial<\/a> (Discapacidad Intelectual)<\/p>\n<p style=\"padding-left: 60px;\"><a href=\"https:\/\/isfd113-bue.infd.edu.ar\/sitio\/wp-content\/uploads\/2021\/10\/Control-Libreta-FILO.pdf\" target=\"_blank\" rel=\"noopener\">Control libreta Ed. Secundaria en Filosof\u00eda<\/a><\/p>\n<p style=\"padding-left: 60px;\"><a href=\"https:\/\/isfd113-bue.infd.edu.ar\/sitio\/wp-content\/uploads\/2021\/10\/Control-Libreta-HISTORIA.pdf\" target=\"_blank\" rel=\"noopener\">Control libreta Ed. Secundaria en Historia<\/a><\/p>\n<p style=\"padding-left: 60px;\"><a href=\"https:\/\/isfd113-bue.infd.edu.ar\/sitio\/wp-content\/uploads\/2021\/10\/Control-Libreta-CS-POLITICAS.pdf\" target=\"_blank\" rel=\"noopener\">Control libreta Ed. Secundaria en Ciencias Pol\u00edticas<\/a><\/p>\n<p><span style=\"color: #ff0000;\"><strong>CONSTANCIAS DE T\u00cdTULO EN TR\u00c1MITE &#8211;\u00a0<\/strong>Descargar\u00a0Constancia de Certificado de estudios en tr\u00e1mite por Carrera<\/span><\/p>\n<p><span style=\"color: #003300;\">En formato Word para completar en computadora e imprimir (o enviar por email)<\/span><\/p>\n<p style=\"padding-left: 60px;\"><a href=\"https:\/\/isfd113-bue.infd.edu.ar\/sitio\/wp-content\/uploads\/2021\/12\/Constancia-tit-en-tramite-INICIAL.doc\" target=\"_blank\" rel=\"noopener\">Prof. Educaci\u00f3n Inicial<\/a><\/p>\n<p style=\"padding-left: 60px;\"><a href=\"https:\/\/isfd113-bue.infd.edu.ar\/sitio\/wp-content\/uploads\/2021\/12\/Constancia-tit-en-tramite-PRIMARIA.doc\" target=\"_blank\" rel=\"noopener\">Prof. Educaci\u00f3n Primaria<\/a><\/p>\n<p style=\"padding-left: 60px;\"><a href=\"https:\/\/isfd113-bue.infd.edu.ar\/sitio\/wp-content\/uploads\/2021\/12\/Constancia-tit-en-tramite-ESPECIAL.doc\" target=\"_blank\" rel=\"noopener\">Prof. Educaci\u00f3n Especial (Discapacidad Intelectual)<\/a><\/p>\n<p style=\"padding-left: 60px;\"><a href=\"https:\/\/isfd113-bue.infd.edu.ar\/sitio\/wp-content\/uploads\/2021\/12\/Constancia-tit-en-tramite-FILOSOFIA.doc\" target=\"_blank\" rel=\"noopener\">Prof. Ed. Secundaria en Filosof\u00eda<\/a><\/p>\n<p style=\"padding-left: 60px;\"><a href=\"https:\/\/isfd113-bue.infd.edu.ar\/sitio\/wp-content\/uploads\/2021\/12\/Constancia-tit-en-tramite-HISTORIA.doc\" target=\"_blank\" rel=\"noopener\">Prof. Ed. Secundaria en Historia<\/a><\/p>\n<p style=\"padding-left: 60px;\"><a href=\"https:\/\/isfd113-bue.infd.edu.ar\/sitio\/wp-content\/uploads\/2021\/12\/Constancia-tit-en-tramite-CS-POLITICAS.doc\" target=\"_blank\" rel=\"noopener\">Prof. Ed. Secundaria en Ciencias Pol\u00edticas<\/a><\/p>\n<p><span style=\"color: #003300;\">En formato PDF para imprimir y completar manualmente<\/span><\/p>\n<p style=\"padding-left: 60px;\"><a href=\"https:\/\/isfd113-bue.infd.edu.ar\/sitio\/wp-content\/uploads\/2021\/12\/Constancia-tit-en-tramite-INICIAL.pdf\" target=\"_blank\" rel=\"noopener\">Prof. Educaci\u00f3n Inicial<\/a><\/p>\n<p style=\"padding-left: 60px;\"><a href=\"https:\/\/isfd113-bue.infd.edu.ar\/sitio\/wp-content\/uploads\/2021\/12\/Constancia-tit-en-tramite-PRIMARIA.pdf\" target=\"_blank\" rel=\"noopener\">Prof. Educaci\u00f3n Primaria<\/a><\/p>\n<p style=\"padding-left: 60px;\"><a href=\"https:\/\/isfd113-bue.infd.edu.ar\/sitio\/wp-content\/uploads\/2021\/12\/Constancia-tit-en-tramite-ESPECIAL.pdf\" target=\"_blank\" rel=\"noopener\">Prof. Educaci\u00f3n Especial (Discapacidad Intelectual)<\/a><\/p>\n<p style=\"padding-left: 60px;\"><a href=\"https:\/\/isfd113-bue.infd.edu.ar\/sitio\/wp-content\/uploads\/2021\/12\/Constancia-tit-en-tramite-FILOSOFIA.pdf\" target=\"_blank\" rel=\"noopener\">Prof. Ed. Secundaria en Filosof\u00eda<\/a><\/p>\n<p style=\"padding-left: 60px;\"><a href=\"https:\/\/isfd113-bue.infd.edu.ar\/sitio\/wp-content\/uploads\/2021\/12\/Constancia-tit-en-tramite-HISTORIA.pdf\" target=\"_blank\" rel=\"noopener\">Prof. Ed. Secundaria en Historia<\/a><\/p>\n<p style=\"padding-left: 60px;\"><a href=\"https:\/\/isfd113-bue.infd.edu.ar\/sitio\/wp-content\/uploads\/2021\/12\/Constancia-tit-en-tramite-CS-POLITICAS.pdf\" target=\"_blank\" rel=\"noopener\">Prof. Ed. Secundaria en Ciencias Pol\u00edticas<\/a><\/p>\n<p style=\"padding-left: 60px;\">\n","protected":false},"excerpt":{"rendered":"<p>TR\u00c1MITE DE T\u00cdTULO. En contexto de pandemia, por favor comunicarse previamente por Email con la Preceptor\u00eda del turno en el que hayan rendido la \u00faltima materia, a fin de coordinar la forma de realizaci\u00f3n del tr\u00e1mite. Las\/os alumnas\/os que est\u00e9n en condiciones de tramitar su t\u00edtulo, deber\u00e1n presentarse en la\u00a0 Preceptor\u00eda del turno en el &#8230; <a title=\"Tr\u00e1mite de T\u00edtulo\" class=\"read-more\" href=\"https:\/\/isfd113-bue.infd.edu.ar\/sitio\/tramite-de-titulo\/\" aria-label=\"More on Tr\u00e1mite de T\u00edtulo\">[+]<\/a><\/p>\n","protected":false},"author":3286,"featured_media":0,"parent":0,"menu_order":0,"comment_status":"closed","ping_status":"closed","template":"","meta":[],"acf":[],"_links":{"self":[{"href":"https:\/\/isfd113-bue.infd.edu.ar\/sitio\/wp-json\/wp\/v2\/pages\/1536"}],"collection":[{"href":"https:\/\/isfd113-bue.infd.edu.ar\/sitio\/wp-json\/wp\/v2\/pages"}],"about":[{"href":"https:\/\/isfd113-bue.infd.edu.ar\/sitio\/wp-json\/wp\/v2\/types\/page"}],"author":[{"embeddable":true,"href":"https:\/\/isfd113-bue.infd.edu.ar\/sitio\/wp-json\/wp\/v2\/users\/3286"}],"replies":[{"embeddable":true,"href":"https:\/\/isfd113-bue.infd.edu.ar\/sitio\/wp-json\/wp\/v2\/comments?post=1536"}],"version-history":[{"count":23,"href":"https:\/\/isfd113-bue.infd.edu.ar\/sitio\/wp-json\/wp\/v2\/pages\/1536\/revisions"}],"predecessor-version":[{"id":2547,"href":"https:\/\/isfd113-bue.infd.edu.ar\/sitio\/wp-json\/wp\/v2\/pages\/1536\/revisions\/2547"}],"wp:attachment":[{"href":"https:\/\/isfd113-bue.infd.edu.ar\/sitio\/wp-json\/wp\/v2\/media?parent=1536"}],"curies":[{"name":"wp","href":"https:\/\/api.w.org\/{rel}","templated":true}]}}