{"id":1524,"date":"2019-11-13T20:29:16","date_gmt":"2019-11-13T23:29:16","guid":{"rendered":"https:\/\/isfd113-bue.infd.edu.ar\/sitio\/?page_id=1524"},"modified":"2026-05-07T10:51:55","modified_gmt":"2026-05-07T13:51:55","slug":"tramites","status":"publish","type":"page","link":"https:\/\/isfd113-bue.infd.edu.ar\/sitio\/tramites\/","title":{"rendered":"Tr\u00e1mites"},"content":{"rendered":"<p><strong><span style=\"color: #003300;\">Tr\u00e1mite de Equivalencias<\/span><\/strong><\/p>\n<p>Instructivo para solicitud de Equivalencias y descarga de Planillas implicadas.<\/p>\n<p>Click <strong><a href=\"https:\/\/isfd113-bue.infd.edu.ar\/sitio\/tramite-de-equivalencias\/\"><span style=\"color: #ff0000;\">aqu\u00ed<\/span><\/a><\/strong>.<\/p>\n<p><strong><span style=\"color: #003300;\">Solicitud de Programas\u00a0<\/span><\/strong><\/p>\n<p>Instructivo para solicitud de Programas para tr\u00e1mites de Equivalencias en esta Instituci\u00f3n o en otras. <a href=\"https:\/\/isfd113-bue.infd.edu.ar\/sitio\/wp-content\/uploads\/2026\/05\/09-Pedido_Programas-Instructivo.pdf\" target=\"_blank\" rel=\"noopener\">Pedido_Programas-Instructivo<\/a><\/p>\n<p>Planilla de Solicitud de Programas. <a href=\"https:\/\/isfd113-bue.infd.edu.ar\/sitio\/wp-content\/uploads\/2026\/05\/09-Pedido_Programas-Planilla.pdf\" target=\"_blank\" rel=\"noopener\">Pedido_Programas-Planilla<\/a>.<\/p>\n<p><strong><span style=\"color: #003300;\">Tr\u00e1mite de T\u00edtulo\u00a0<\/span><\/strong><\/p>\n<p>Requisitos y descarga de formularios necesarios.<\/p>\n<p>Click <a href=\"https:\/\/isfd113-bue.infd.edu.ar\/sitio\/tramite-de-titulo\/\"><strong><span style=\"color: #ff0000;\">aqu\u00ed<\/span><\/strong><\/a>.<\/p>\n","protected":false},"excerpt":{"rendered":"<p>Tr\u00e1mite de Equivalencias Instructivo para solicitud de Equivalencias y descarga de Planillas implicadas. Click aqu\u00ed. Solicitud de Programas\u00a0 Instructivo para solicitud de Programas para tr\u00e1mites de Equivalencias en esta Instituci\u00f3n o en otras. Pedido_Programas-Instructivo Planilla de Solicitud de Programas. Pedido_Programas-Planilla. Tr\u00e1mite de T\u00edtulo\u00a0 Requisitos y descarga de formularios necesarios. Click aqu\u00ed.<\/p>\n","protected":false},"author":3286,"featured_media":0,"parent":0,"menu_order":0,"comment_status":"closed","ping_status":"closed","template":"","meta":[],"acf":[],"_links":{"self":[{"href":"https:\/\/isfd113-bue.infd.edu.ar\/sitio\/wp-json\/wp\/v2\/pages\/1524"}],"collection":[{"href":"https:\/\/isfd113-bue.infd.edu.ar\/sitio\/wp-json\/wp\/v2\/pages"}],"about":[{"href":"https:\/\/isfd113-bue.infd.edu.ar\/sitio\/wp-json\/wp\/v2\/types\/page"}],"author":[{"embeddable":true,"href":"https:\/\/isfd113-bue.infd.edu.ar\/sitio\/wp-json\/wp\/v2\/users\/3286"}],"replies":[{"embeddable":true,"href":"https:\/\/isfd113-bue.infd.edu.ar\/sitio\/wp-json\/wp\/v2\/comments?post=1524"}],"version-history":[{"count":5,"href":"https:\/\/isfd113-bue.infd.edu.ar\/sitio\/wp-json\/wp\/v2\/pages\/1524\/revisions"}],"predecessor-version":[{"id":3500,"href":"https:\/\/isfd113-bue.infd.edu.ar\/sitio\/wp-json\/wp\/v2\/pages\/1524\/revisions\/3500"}],"wp:attachment":[{"href":"https:\/\/isfd113-bue.infd.edu.ar\/sitio\/wp-json\/wp\/v2\/media?parent=1524"}],"curies":[{"name":"wp","href":"https:\/\/api.w.org\/{rel}","templated":true}]}}