{"id":1511,"date":"2019-11-13T20:22:08","date_gmt":"2019-11-13T23:22:08","guid":{"rendered":"https:\/\/isfd113-bue.infd.edu.ar\/sitio\/?page_id=1511"},"modified":"2026-05-07T10:51:16","modified_gmt":"2026-05-07T13:51:16","slug":"tramite-de-equivalencias","status":"publish","type":"page","link":"https:\/\/isfd113-bue.infd.edu.ar\/sitio\/tramite-de-equivalencias\/","title":{"rendered":"Tr\u00e1mite de Equivalencias"},"content":{"rendered":"<p><span style=\"color: #ff0000;\"><strong>Solicitud de Equivalencias (Res.<\/strong><strong> 4196\/24)<\/strong><\/span><\/p>\n<p style=\"text-align: center;\">Las equivalencias <span style=\"color: #008080;\">se solicitan <strong>desde el 15 de febrero <\/strong>(o primer d\u00eda h\u00e1bil posterior)<strong> y hasta el 30 de abril siguiente<\/strong>.<\/span><\/p>\n<p><span style=\"color: #ff0000;\"><strong>Tr\u00e1mite.<\/strong><\/span><\/p>\n<p>Descargue y lea atentamente el material que se ofrece a continuaci\u00f3n.<\/p>\n<p><strong><span style=\"color: #008080;\">Informaci\u00f3n<\/span><\/strong><\/p>\n<ul>\n<li>Instructivo Equivalencias <a href=\"https:\/\/isfd113-bue.infd.edu.ar\/sitio\/wp-content\/uploads\/2026\/05\/01-TRAMITE_DE_EQUIVALENCIAS-Instructivo.pdf\" target=\"_blank\" rel=\"noopener\">01-TRAMITE_DE_EQUIVALENCIAS-Instructivo<\/a><\/li>\n<li>Gu\u00eda para completar la Planilla Resumen de Equivalencias <a href=\"https:\/\/isfd113-bue.infd.edu.ar\/sitio\/wp-content\/uploads\/2021\/10\/03-GUIA-Plla-resumen-equiv.pdf\" target=\"_blank\" rel=\"noopener\">aqu\u00ed<\/a><\/li>\n<li>Gu\u00eda para completar la Planilla Individual por Asignatura <a href=\"https:\/\/isfd113-bue.infd.edu.ar\/sitio\/wp-content\/uploads\/2021\/10\/04-GUIA-Plla-equiv-por-asignatura.pdf\" target=\"_blank\" rel=\"noopener\">aqu\u00ed<\/a><\/li>\n<li>Ejemplos de Planilla Individual por Asignatura <a href=\"https:\/\/isfd113-bue.infd.edu.ar\/sitio\/wp-content\/uploads\/2021\/10\/05-Ejemplos-Plla-Por-Asignatura.pdf\" target=\"_blank\" rel=\"noopener\">aqu\u00ed<\/a><\/li>\n<\/ul>\n<p><strong><span style=\"color: #008080;\">Planillas para completar y entregar<\/span><\/strong><\/p>\n<ul>\n<li>Planilla Resumen de Equivalencias para presentar <a href=\"https:\/\/isfd113-bue.infd.edu.ar\/sitio\/wp-content\/uploads\/2021\/10\/07-A14-Plla-resumen-equiv.doc\" target=\"_blank\" rel=\"noopener\">aqu\u00ed<\/a><\/li>\n<li>Planilla Individual por Asignatura para presentar<a href=\"https:\/\/isfd113-bue.infd.edu.ar\/sitio\/wp-content\/uploads\/2021\/10\/06-A14a-Plla-equiv-por-asignatura.doc\" target=\"_blank\" rel=\"noopener\"> aqu\u00ed<\/a><\/li>\n<\/ul>\n<p><strong><span style=\"color: #008080;\">Cuadros de Equivalencias entre carreras<\/span><\/strong><\/p>\n<table width=\"377\">\n<tbody>\n<tr>\n<td width=\"132\"><strong><span style=\"color: #008080;\">Carrera Origen<\/span><\/strong><\/td>\n<td width=\"132\"><strong><span style=\"color: #008080;\">Carrera Destino<\/span><\/strong><\/td>\n<td width=\"113\">\u00a0<\/td>\n<\/tr>\n<tr>\n<td width=\"132\">Prof. Ed. Especial (Discap. Intelectual)<\/td>\n<td>Prof. Ed. Inicial<\/td>\n<td><a href=\"https:\/\/isfd113-bue.infd.edu.ar\/sitio\/wp-content\/uploads\/2021\/10\/08-Cuadro_equiv_Disca-a-INI.pdf\" target=\"_blank\" rel=\"noopener\">Descargar cuadro<\/a><\/td>\n<\/tr>\n<tr>\n<td width=\"132\">Prof. Ed. Especial (Discap. Intelectual)<\/td>\n<td>Prof. Ed. Primaria<\/td>\n<td><a href=\"https:\/\/isfd113-bue.infd.edu.ar\/sitio\/wp-content\/uploads\/2021\/10\/08-Cuadro_equiv_Disca-a-EP.pdf\" target=\"_blank\" rel=\"noopener\">Descargar cuadro<\/a><\/td>\n<\/tr>\n<tr>\n<td>Prof. Ed. Inicial<\/td>\n<td width=\"132\">Prof. Ed. Especial (Discap. Intelectual)<\/td>\n<td><a href=\"https:\/\/isfd113-bue.infd.edu.ar\/sitio\/wp-content\/uploads\/2021\/10\/08-Cuadro_equiv_INI-a-Disca.pdf\" target=\"_blank\" rel=\"noopener\">Descargar cuadro<\/a><\/td>\n<\/tr>\n<tr>\n<td>Prof. Ed. Inicial<\/td>\n<td>Prof. Ed. Primaria<\/td>\n<td><a href=\"https:\/\/isfd113-bue.infd.edu.ar\/sitio\/wp-content\/uploads\/2021\/10\/08-Cuadro_equiv_INI-a-EP.pdf\" target=\"_blank\" rel=\"noopener\">Descargar cuadro<\/a><\/td>\n<\/tr>\n<tr>\n<td>Prof. Ed. Primaria<\/td>\n<td width=\"132\">\u00a0Prof. Ed. Especial (Discap. Intelectual)<\/td>\n<td><a href=\"https:\/\/isfd113-bue.infd.edu.ar\/sitio\/wp-content\/uploads\/2021\/10\/08-Cuadro_equiv_EP-a-Disca.pdf\" target=\"_blank\" rel=\"noopener\">Descargar cuadro<\/a><\/td>\n<\/tr>\n<tr>\n<td>Prof. Ed. Primaria<\/td>\n<td>Prof. Ed. Inicial<\/td>\n<td><span style=\"color: #008080;\"><a href=\"https:\/\/isfd113-bue.infd.edu.ar\/sitio\/wp-content\/uploads\/2021\/10\/08-Cuadro_equiv_EP-a-Inicial.pdf\" target=\"_blank\" rel=\"noopener\">Descargar cuadro<\/a><\/span><\/td>\n<\/tr>\n<\/tbody>\n<\/table>\n<p><strong style=\"font-size: inherit;\"><span style=\"color: #008080;\">Preguntas Frecuentes <a href=\"https:\/\/isfd113-bue.infd.edu.ar\/sitio\/wp-content\/uploads\/2021\/10\/02-PREGUNTAS_FRECUENTES_SOBRE_EQUIVALENCIAS.pdf\" target=\"_blank\" rel=\"noopener\">aqu\u00ed<\/a><\/span><\/strong><\/p>\n<p><span style=\"color: #000000;\">El Semianal\u00edtico se solicita en la Preceptor\u00eda del turno de cursada de la carrera de origen.<\/span><\/p>\n\n\n<p><\/p>\n","protected":false},"excerpt":{"rendered":"<p>Solicitud de Equivalencias (Res. 4196\/24) Las equivalencias se solicitan desde el 15 de febrero (o primer d\u00eda h\u00e1bil posterior) y hasta el 30 de abril siguiente. Tr\u00e1mite. Descargue y lea atentamente el material que se ofrece a continuaci\u00f3n. Informaci\u00f3n Instructivo Equivalencias 01-TRAMITE_DE_EQUIVALENCIAS-Instructivo Gu\u00eda para completar la Planilla Resumen de Equivalencias aqu\u00ed Gu\u00eda para completar la &#8230; <a title=\"Tr\u00e1mite de Equivalencias\" class=\"read-more\" href=\"https:\/\/isfd113-bue.infd.edu.ar\/sitio\/tramite-de-equivalencias\/\" aria-label=\"More on Tr\u00e1mite de Equivalencias\">[+]<\/a><\/p>\n","protected":false},"author":3286,"featured_media":0,"parent":0,"menu_order":0,"comment_status":"closed","ping_status":"closed","template":"","meta":[],"acf":[],"_links":{"self":[{"href":"https:\/\/isfd113-bue.infd.edu.ar\/sitio\/wp-json\/wp\/v2\/pages\/1511"}],"collection":[{"href":"https:\/\/isfd113-bue.infd.edu.ar\/sitio\/wp-json\/wp\/v2\/pages"}],"about":[{"href":"https:\/\/isfd113-bue.infd.edu.ar\/sitio\/wp-json\/wp\/v2\/types\/page"}],"author":[{"embeddable":true,"href":"https:\/\/isfd113-bue.infd.edu.ar\/sitio\/wp-json\/wp\/v2\/users\/3286"}],"replies":[{"embeddable":true,"href":"https:\/\/isfd113-bue.infd.edu.ar\/sitio\/wp-json\/wp\/v2\/comments?post=1511"}],"version-history":[{"count":25,"href":"https:\/\/isfd113-bue.infd.edu.ar\/sitio\/wp-json\/wp\/v2\/pages\/1511\/revisions"}],"predecessor-version":[{"id":3499,"href":"https:\/\/isfd113-bue.infd.edu.ar\/sitio\/wp-json\/wp\/v2\/pages\/1511\/revisions\/3499"}],"wp:attachment":[{"href":"https:\/\/isfd113-bue.infd.edu.ar\/sitio\/wp-json\/wp\/v2\/media?parent=1511"}],"curies":[{"name":"wp","href":"https:\/\/api.w.org\/{rel}","templated":true}]}}