{"id":1223,"date":"2018-08-08T16:33:06","date_gmt":"2018-08-08T19:33:06","guid":{"rendered":"https:\/\/isfd113-bue.infd.edu.ar\/sitio\/?page_id=1223"},"modified":"2026-04-23T10:20:07","modified_gmt":"2026-04-23T13:20:07","slug":"wp-content-uploads-2020-09-correlatividades-de-educ-especial-disc-intelectual-pdf","status":"publish","type":"page","link":"https:\/\/isfd113-bue.infd.edu.ar\/sitio\/wp-content-uploads-2020-09-correlatividades-de-educ-especial-disc-intelectual-pdf\/","title":{"rendered":"Prof. de Educ. Especial"},"content":{"rendered":"<p><img decoding=\"async\" loading=\"lazy\" class=\"wp-image-1186 aligncenter\" src=\"https:\/\/isfd113-bue.infd.edu.ar\/sitio\/wp-content\/uploads\/2018\/08\/Ed.-Especial.jpg\" alt=\"\" width=\"700\" height=\"303\" srcset=\"https:\/\/isfd113-bue.infd.edu.ar\/sitio\/wp-content\/uploads\/2018\/08\/Ed.-Especial.jpg 899w, https:\/\/isfd113-bue.infd.edu.ar\/sitio\/wp-content\/uploads\/2018\/08\/Ed.-Especial-768x332.jpg 768w\" sizes=\"(max-width: 700px) 100vw, 700px\" \/><\/p>\n<p>La duraci\u00f3n es de 4 a\u00f1os<\/p>\n<p><strong>El t\u00edtulo de Profesor\/a de Educaci\u00f3n Especial, habilita para trabajar como<\/strong>:<\/p>\n<ul>\n<li>Maestra\/o de Escuelas Especiales<\/li>\n<li>Maestra\/o de apoyo en las Escuelas Laborales<\/li>\n<li>Maestra\/o Integrador en los diferentes Niveles de Ense\u00f1anza (Inicial \u2013 Primario \u2013 Secundario)<\/li>\n<li>Maestra\/o de Hospital<\/li>\n<li>Maestra\/o en Domicilio<\/li>\n<\/ul>\n<p><strong>Educaci\u00f3n P\u00fablica (Privada y del Estado) \u2013\u00a0<\/strong><strong>Otros Campos Laborales<\/strong><\/p>\n<h2>Horarios de cursada<\/h2>\n<p>Esta carrera se cursa los dos primeros a\u00f1os (1\u00ba y 2\u00ba) se cursan en el <strong>turno tarde<\/strong>: de lunes a viernes de <strong>13.00 a 17.30<\/strong> y los dos \u00faltimos (3\u00ba y 4\u00ba) en el <strong>turno vespertino<\/strong>: de lunes a viernes de <strong>18.00 a 22.30<\/strong><\/p>\n<h5>Te va a interesar:<\/h5>\n<p style=\"padding-left: 270px;\"><img decoding=\"async\" loading=\"lazy\" class=\"alignleft wp-image-852\" src=\"https:\/\/isfd113-bue.infd.edu.ar\/sitio\/wp-content\/uploads\/2018\/07\/next.png\" alt=\"\" width=\"88\" height=\"88\" \/><\/p>\n<p><a href=\"https:\/\/isfd113-bue.infd.edu.ar\/aula\/archivos\/repositorio\/\/2750\/2976\/plan_de_DISCAPACIDAD_INTELECTUAL_oficio.pdf\" target=\"_blank\" rel=\"noopener\">Plan de Estudios<\/a><\/p>\n<p><a href=\"https:\/\/isfd113-bue.infd.edu.ar\/aula\/archivos\/repositorio\/\/3000\/3183\/Correlatividades_de_Educ._Especial_-_Disc._Intelectual.pdf\" target=\"_blank\" rel=\"noopener\">Correlativades<\/a><\/p>\n<p>\u00a0 \u00a0 \u00a0 \u00a0 \u00a0 \u00a0 \u00a0 \u00a0 \u00a0 \u00a0 \u00a0 \u00a0 \u00a0 \u00a0 \u00a0 \u00a0 \u00a0 \u00a0 \u00a0 \u00a0 \u00a0 \u00a0 \u00a0 \u00a0 \u00a0 \u00a0 \u00a0 \u00a0 \u00a0 \u00a0 \u00a0 \u00a0 \u00a0 \u00a0 \u00a0 \u00a0 \u00a0 \u00a0 \u00a0 \u00a0 \u00a0 \u00a0 \u00a0 \u00a0 \u00a0 \u00a0 \u00a0 \u00a0\u00a0<a href=\"https:\/\/isfd113-bue.infd.edu.ar\/aula\/archivos\/_545\/Disen_o_curricular__Educ._Especial__-_Res1009-09.pdf?id_curso=545\" target=\"_blank\" rel=\"noopener\">Dise\u00f1o curricular<\/a><\/p>\n<p>\u00a0 \u00a0 \u00a0 \u00a0 \u00a0 \u00a0 \u00a0 \u00a0 \u00a0 \u00a0 \u00a0 \u00a0 \u00a0 \u00a0 \u00a0 \u00a0 \u00a0 \u00a0 \u00a0 \u00a0 \u00a0 \u00a0 \u00a0 \u00a0 \u00a0 \u00a0 \u00a0 \u00a0 \u00a0 \u00a0 \u00a0 \u00a0 \u00a0 \u00a0 \u00a0 \u00a0 \u00a0 \u00a0 \u00a0 \u00a0 \u00a0 \u00a0 \u00a0 \u00a0 \u00a0 \u00a0 \u00a0 \u00a0 <strong>Equivalencias<\/strong>:<\/p>\n<ul>\n<li style=\"list-style-type: none;\">\n<ul>\n<li style=\"list-style-type: none;\">\n<ul>\n<li style=\"list-style-type: none;\">\n<ul>\n<li style=\"list-style-type: none;\">\n<ul>\n<li style=\"list-style-type: none;\">\n<ul>\n<li style=\"list-style-type: none;\">\n<ul>\n<li style=\"list-style-type: none;\">\n<ul>\n<li style=\"list-style-type: none;\">\n<ul>\n<li style=\"list-style-type: none;\">\n<ul>\n<li style=\"list-style-type: none;\">\n<ul>\n<li><a href=\"https:\/\/isfd113-bue.infd.edu.ar\/aula\/archivos\/_545\/01-TRAMITE_DE_EQUIVALENCIAS-Instructivo.pdf?id_curso=545\" target=\"_blank\" rel=\"noopener\">Instructivo Tr\u00e1mite<\/a><\/li>\n<li>Cuadros: <a style=\"font-size: revert;\" href=\"https:\/\/isfd113-bue.infd.edu.ar\/aula\/archivos\/_545\/08-Cuadro_equiv_EP_a_Disca.pdf?id_curso=545\" target=\"_blank\" rel=\"noopener\">Ed. Primaria para Ed. Especial<\/a><span style=\"font-size: inherit;\"> \/ <\/span><a style=\"font-size: revert;\" href=\"https:\/\/isfd113-bue.infd.edu.ar\/aula\/archivos\/_545\/08-Cuadro_equiv_INI_a_Disca.pdf?id_curso=545\">Ed. Inicial para Ed. Especial\u00a0<\/a><\/li>\n<\/ul>\n<\/li>\n<\/ul>\n<\/li>\n<\/ul>\n<\/li>\n<\/ul>\n<\/li>\n<\/ul>\n<\/li>\n<\/ul>\n<\/li>\n<\/ul>\n<\/li>\n<\/ul>\n<\/li>\n<\/ul>\n<\/li>\n<\/ul>\n<\/li>\n<\/ul>\n\n\n<p><\/p>\n","protected":false},"excerpt":{"rendered":"<p>La duraci\u00f3n es de 4 a\u00f1os El t\u00edtulo de Profesor\/a de Educaci\u00f3n Especial, habilita para trabajar como: Maestra\/o de Escuelas Especiales Maestra\/o de apoyo en las Escuelas Laborales Maestra\/o Integrador en los diferentes Niveles de Ense\u00f1anza (Inicial \u2013 Primario \u2013 Secundario) Maestra\/o de Hospital Maestra\/o en Domicilio Educaci\u00f3n P\u00fablica (Privada y del Estado) \u2013\u00a0Otros Campos &#8230; <a title=\"Prof. de Educ. Especial\" class=\"read-more\" href=\"https:\/\/isfd113-bue.infd.edu.ar\/sitio\/wp-content-uploads-2020-09-correlatividades-de-educ-especial-disc-intelectual-pdf\/\" aria-label=\"More on Prof. de Educ. Especial\">[+]<\/a><\/p>\n","protected":false},"author":2282,"featured_media":0,"parent":0,"menu_order":0,"comment_status":"closed","ping_status":"closed","template":"","meta":[],"acf":[],"_links":{"self":[{"href":"https:\/\/isfd113-bue.infd.edu.ar\/sitio\/wp-json\/wp\/v2\/pages\/1223"}],"collection":[{"href":"https:\/\/isfd113-bue.infd.edu.ar\/sitio\/wp-json\/wp\/v2\/pages"}],"about":[{"href":"https:\/\/isfd113-bue.infd.edu.ar\/sitio\/wp-json\/wp\/v2\/types\/page"}],"author":[{"embeddable":true,"href":"https:\/\/isfd113-bue.infd.edu.ar\/sitio\/wp-json\/wp\/v2\/users\/2282"}],"replies":[{"embeddable":true,"href":"https:\/\/isfd113-bue.infd.edu.ar\/sitio\/wp-json\/wp\/v2\/comments?post=1223"}],"version-history":[{"count":22,"href":"https:\/\/isfd113-bue.infd.edu.ar\/sitio\/wp-json\/wp\/v2\/pages\/1223\/revisions"}],"predecessor-version":[{"id":3490,"href":"https:\/\/isfd113-bue.infd.edu.ar\/sitio\/wp-json\/wp\/v2\/pages\/1223\/revisions\/3490"}],"wp:attachment":[{"href":"https:\/\/isfd113-bue.infd.edu.ar\/sitio\/wp-json\/wp\/v2\/media?parent=1223"}],"curies":[{"name":"wp","href":"https:\/\/api.w.org\/{rel}","templated":true}]}}