{"id":1206,"date":"2018-08-08T15:57:29","date_gmt":"2018-08-08T18:57:29","guid":{"rendered":"https:\/\/isfd113-bue.infd.edu.ar\/sitio\/?page_id=1206"},"modified":"2025-10-29T09:14:46","modified_gmt":"2025-10-29T12:14:46","slug":"profesorado-de-educacion-primaria","status":"publish","type":"page","link":"https:\/\/isfd113-bue.infd.edu.ar\/sitio\/profesorado-de-educacion-primaria\/","title":{"rendered":"Prof. de Educ. Primaria"},"content":{"rendered":"<p><img decoding=\"async\" loading=\"lazy\" class=\"aligncenter wp-image-1187\" src=\"https:\/\/isfd113-bue.infd.edu.ar\/sitio\/wp-content\/uploads\/2018\/08\/EP.jpg\" alt=\"\" width=\"700\" height=\"303\" srcset=\"https:\/\/isfd113-bue.infd.edu.ar\/sitio\/wp-content\/uploads\/2018\/08\/EP.jpg 899w, https:\/\/isfd113-bue.infd.edu.ar\/sitio\/wp-content\/uploads\/2018\/08\/EP-768x332.jpg 768w\" sizes=\"(max-width: 700px) 100vw, 700px\" \/><\/p>\n<p>La duraci\u00f3n es de 4 a\u00f1os<\/p>\n<h3>Horarios de cursada<\/h3>\n<p>Podr\u00e1s cursar en cualquiera de los tres turnos. Para elegir el que m\u00e1s te conviene, hac\u00e9 clic en los\u00a0<a href=\"https:\/\/isfd113-bue.infd.edu.ar\/sitio\/horarios-ini-y-ep\/\"><strong>Horarios<\/strong><\/a><strong>.<\/strong><\/p>\n<p style=\"text-align: right;\"><strong>Jefa de \u00c1rea:\u00a0Karina Agad\u00eda<\/strong><\/p>\n<h5>Te va a interesar:<\/h5>\n<p style=\"padding-left: 270px;\"><img decoding=\"async\" loading=\"lazy\" class=\"size-full wp-image-852 alignleft\" src=\"https:\/\/isfd113-bue.infd.edu.ar\/sitio\/wp-content\/uploads\/2018\/07\/next.png\" alt=\"\" width=\"64\" height=\"64\" \/><strong><a href=\"https:\/\/isfd113-bue.infd.edu.ar\/sitio\/wp-content\/uploads\/2020\/11\/1-Plan-de-estudios-E.P.pdf\" target=\"_blank\" rel=\"noopener\">Plan de estudios Ed. Primaria<\/a><\/strong><\/p>\n<p><strong><a href=\"https:\/\/isfd113-bue.infd.edu.ar\/sitio\/wp-content\/uploads\/2025\/08\/2-Correlativas-EP.pdf\" target=\"_blank\" rel=\"noopener\">Correlatividades Ed. Primaria<\/a><\/strong><\/p>\n<ul>\n<li style=\"list-style-type: none;\">\n<ul>\n<li style=\"list-style-type: none;\">\n<ul>\n<li style=\"list-style-type: none;\">\n<ul>\n<li style=\"list-style-type: none;\">\n<ul>\n<li style=\"list-style-type: none;\">\u00a0<\/li>\n<\/ul>\n<\/li>\n<\/ul>\n<\/li>\n<\/ul>\n<\/li>\n<\/ul>\n<\/li>\n<\/ul>\n\n\n<p><\/p>\n","protected":false},"excerpt":{"rendered":"<p>La duraci\u00f3n es de 4 a\u00f1os Horarios de cursada Podr\u00e1s cursar en cualquiera de los tres turnos. Para elegir el que m\u00e1s te conviene, hac\u00e9 clic en los\u00a0Horarios. Jefa de \u00c1rea:\u00a0Karina Agad\u00eda Te va a interesar: Plan de estudios Ed. Primaria Correlatividades Ed. Primaria \u00a0<\/p>\n","protected":false},"author":2282,"featured_media":0,"parent":0,"menu_order":0,"comment_status":"closed","ping_status":"closed","template":"","meta":[],"acf":[],"_links":{"self":[{"href":"https:\/\/isfd113-bue.infd.edu.ar\/sitio\/wp-json\/wp\/v2\/pages\/1206"}],"collection":[{"href":"https:\/\/isfd113-bue.infd.edu.ar\/sitio\/wp-json\/wp\/v2\/pages"}],"about":[{"href":"https:\/\/isfd113-bue.infd.edu.ar\/sitio\/wp-json\/wp\/v2\/types\/page"}],"author":[{"embeddable":true,"href":"https:\/\/isfd113-bue.infd.edu.ar\/sitio\/wp-json\/wp\/v2\/users\/2282"}],"replies":[{"embeddable":true,"href":"https:\/\/isfd113-bue.infd.edu.ar\/sitio\/wp-json\/wp\/v2\/comments?post=1206"}],"version-history":[{"count":13,"href":"https:\/\/isfd113-bue.infd.edu.ar\/sitio\/wp-json\/wp\/v2\/pages\/1206\/revisions"}],"predecessor-version":[{"id":3329,"href":"https:\/\/isfd113-bue.infd.edu.ar\/sitio\/wp-json\/wp\/v2\/pages\/1206\/revisions\/3329"}],"wp:attachment":[{"href":"https:\/\/isfd113-bue.infd.edu.ar\/sitio\/wp-json\/wp\/v2\/media?parent=1206"}],"curies":[{"name":"wp","href":"https:\/\/api.w.org\/{rel}","templated":true}]}}