{"id":1181,"date":"2018-08-08T15:41:33","date_gmt":"2018-08-08T18:41:33","guid":{"rendered":"https:\/\/isfd113-bue.infd.edu.ar\/sitio\/?page_id=1181"},"modified":"2025-10-29T09:19:47","modified_gmt":"2025-10-29T12:19:47","slug":"profesorado-de-nivel-inicial","status":"publish","type":"page","link":"https:\/\/isfd113-bue.infd.edu.ar\/sitio\/profesorado-de-nivel-inicial\/","title":{"rendered":"Prof. de Ed. Inicial"},"content":{"rendered":"<p><img decoding=\"async\" loading=\"lazy\" class=\"aligncenter wp-image-1190\" src=\"https:\/\/isfd113-bue.infd.edu.ar\/sitio\/wp-content\/uploads\/2018\/08\/Inicial.jpg\" alt=\"\" width=\"700\" height=\"303\" srcset=\"https:\/\/isfd113-bue.infd.edu.ar\/sitio\/wp-content\/uploads\/2018\/08\/Inicial.jpg 899w, https:\/\/isfd113-bue.infd.edu.ar\/sitio\/wp-content\/uploads\/2018\/08\/Inicial-768x332.jpg 768w\" sizes=\"(max-width: 700px) 100vw, 700px\" \/><\/p>\n<p><span style=\"font-family: 'trebuchet ms', geneva; font-size: 12pt;\">La duraci\u00f3n es de 4 a\u00f1os<\/span><\/p>\n<h4>Horarios de cursada<\/h4>\n<p>Podr\u00e1s cursar en cualquiera de los tres turnos. Para elegir el que m\u00e1s te conviene, hac\u00e9 clic en los\u00a0<a href=\"https:\/\/isfd113-bue.infd.edu.ar\/sitio\/horarios-ini-y-ep\/\"><strong>Horarios<\/strong><\/a><strong>.<\/strong><\/p>\n<h5>Te va a interesar:<\/h5>\n<p style=\"padding-left: 300px;\"><a href=\"https:\/\/isfd113-bue.infd.edu.ar\/sitio\/wp-content\/uploads\/sitio\/plan_de_INICIAL_oficio.pdf\"><img decoding=\"async\" loading=\"lazy\" class=\" wp-image-852 alignleft\" src=\"https:\/\/isfd113-bue.infd.edu.ar\/sitio\/wp-content\/uploads\/2018\/07\/next.png\" alt=\"\" width=\"79\" height=\"79\" \/><\/a><\/p>\n<p style=\"padding-left: 300px;\"><strong><a href=\"https:\/\/isfd113-bue.infd.edu.ar\/sitio\/wp-content\/uploads\/2020\/11\/2-Plan-de-estudios-INICIAL.pdf\" target=\"_blank\" rel=\"noopener\">Plan de estudios Ed. Inicial<\/a><\/strong><\/p>\n<p><strong><a href=\"https:\/\/isfd113-bue.infd.edu.ar\/sitio\/wp-content\/uploads\/2025\/08\/2-Correlativas-INICIAL.pdf\" target=\"_blank\" rel=\"noopener\">Correlatividades Ed. Inicial<\/a><\/strong><\/p>\n<p>\u00a0<\/p>\n\n\n<p><\/p>\n","protected":false},"excerpt":{"rendered":"<p>La duraci\u00f3n es de 4 a\u00f1os Horarios de cursada Podr\u00e1s cursar en cualquiera de los tres turnos. Para elegir el que m\u00e1s te conviene, hac\u00e9 clic en los\u00a0Horarios. Te va a interesar: Plan de estudios Ed. Inicial Correlatividades Ed. Inicial \u00a0<\/p>\n","protected":false},"author":2282,"featured_media":0,"parent":0,"menu_order":0,"comment_status":"closed","ping_status":"closed","template":"","meta":[],"acf":[],"_links":{"self":[{"href":"https:\/\/isfd113-bue.infd.edu.ar\/sitio\/wp-json\/wp\/v2\/pages\/1181"}],"collection":[{"href":"https:\/\/isfd113-bue.infd.edu.ar\/sitio\/wp-json\/wp\/v2\/pages"}],"about":[{"href":"https:\/\/isfd113-bue.infd.edu.ar\/sitio\/wp-json\/wp\/v2\/types\/page"}],"author":[{"embeddable":true,"href":"https:\/\/isfd113-bue.infd.edu.ar\/sitio\/wp-json\/wp\/v2\/users\/2282"}],"replies":[{"embeddable":true,"href":"https:\/\/isfd113-bue.infd.edu.ar\/sitio\/wp-json\/wp\/v2\/comments?post=1181"}],"version-history":[{"count":19,"href":"https:\/\/isfd113-bue.infd.edu.ar\/sitio\/wp-json\/wp\/v2\/pages\/1181\/revisions"}],"predecessor-version":[{"id":3330,"href":"https:\/\/isfd113-bue.infd.edu.ar\/sitio\/wp-json\/wp\/v2\/pages\/1181\/revisions\/3330"}],"wp:attachment":[{"href":"https:\/\/isfd113-bue.infd.edu.ar\/sitio\/wp-json\/wp\/v2\/media?parent=1181"}],"curies":[{"name":"wp","href":"https:\/\/api.w.org\/{rel}","templated":true}]}}